{"id":111,"date":"2022-04-13T07:33:00","date_gmt":"2022-04-13T07:33:00","guid":{"rendered":"http:\/\/tessera.egemenerd.com\/?page_id=111"},"modified":"2026-01-21T14:10:36","modified_gmt":"2026-01-21T12:10:36","slug":"gest-tukifoorumi","status":"publish","type":"page","link":"https:\/\/gestsociety.com\/en\/","title":{"rendered":"GEST Support Forum"},"content":{"rendered":"<div data-elementor-type=\"wp-page\" data-elementor-id=\"111\" class=\"elementor elementor-111\">\n\t\t\t\t\t\t<section class=\"elementor-section elementor-top-section elementor-element elementor-element-4f562c4a elementor-section-boxed elementor-section-height-default elementor-section-height-default\" data-id=\"4f562c4a\" data-element_type=\"section\" data-e-type=\"section\">\n\t\t\t\t\t\t<div class=\"elementor-container elementor-column-gap-default\">\n\t\t\t\t\t<div class=\"elementor-column elementor-col-100 elementor-top-column elementor-element elementor-element-6740e075\" data-id=\"6740e075\" data-element_type=\"column\" data-e-type=\"column\">\n\t\t\t<div class=\"elementor-widget-wrap elementor-element-populated\">\n\t\t\t\t\t\t<div class=\"elementor-element elementor-element-10a59ecb elementor-widget elementor-widget-text-editor\" data-id=\"10a59ecb\" data-element_type=\"widget\" data-e-type=\"widget\" data-widget_type=\"text-editor.default\">\n\t\t\t\t<div class=\"elementor-widget-container\">\n\t\t\t\t\t\t\t\t\t<p class=\"has-text-align-left has-medium-font-size\">Welcome to the GEST Society. This site offers GEST users comprehensive information and tips to support their work. Whether you are a seasoned veteran or a complete beginner, this site has everything you need to know to use GEST smoothly.\u00a0<\/p>\n<p><!-- \/wp:paragraph --><!-- wp:paragraph {\"align\":\"left\",\"fontSize\":\"medium\"} --><\/p>\n<p class=\"has-text-align-left has-medium-font-size\">The essence of GEST, <em>Smart Event Flow<\/em>, move your production forward smoothly. GEST organizes pre-production, communicates internally, collects and compiles data, structures production, makes external communication easy, and helps you sign people in. Finally, you get statistical information that helps you plan for the next year.<\/p>\n<p><!-- \/wp:paragraph --><!-- wp:paragraph {\"align\":\"left\",\"fontSize\":\"medium\"} --><\/p>\n<p class=\"has-text-align-left has-medium-font-size\">As a first timer,  it might make the most sense to start from Settings. To get the most out of the tool, open GEST on your desktop as you go through the instructions. Watching the videos help you get most out of GEST.<\/p>\n<p><!-- \/wp:group --><!-- wp:paragraph --><\/p>\n<p><!-- \/wp:paragraph --><!-- wp:group {\"align\":\"full\",\"style\":{\"color\":{\"text\":\"#000000\",\"background\":\"#ffffff\"}}} --><\/p>\n<div class=\"wp-block-group alignfull has-text-color has-background\" style=\"color: #000000; background-color: #ffffff;\">\n<p><!-- wp:paragraph --><\/p>\n<p><!-- \/wp:paragraph --><\/p>\n<\/div>\n<p><!-- \/wp:group --><\/p>\t\t\t\t\t\t\t\t<\/div>\n\t\t\t\t<\/div>\n\t\t\t\t\t<\/div>\n\t\t<\/div>\n\t\t\t\t\t<\/div>\n\t\t<\/section>\n\t\t\t\t<\/div>","protected":false},"excerpt":{"rendered":"<p>Tervetuloa GEST Societyyn. T\u00e4m\u00e4 sivusto tarjoaa GESTin k\u00e4ytt\u00e4jille kattavasti tietoa ja vinkkej\u00e4 oman ty\u00f6skentelyn tueksi. Olitpa sitten kokeneempi konkari tai vasta-alkaja, t\u00e4lt\u00e4 sivustolta l\u00f6yd\u00e4t kootusti kaiken tarvitsemasi tiedon sujuvaan GESTin k\u00e4ytt\u00f6\u00f6n.\u00a0 GESTin ydin, Smart Event Flow, vie tuotantoasi eteenp\u00e4in sujuvasti. GEST j\u00e4sent\u00e4\u00e4 esituotantoa, viestii sis\u00e4isesti, ker\u00e4\u00e4 ja kokoaa dataa, strukturoi tuotantoa, tekee ulkoisen viestinn\u00e4n helpoksi\u00a0ja&#8230;<\/p>","protected":false},"author":1,"featured_media":0,"parent":0,"menu_order":17,"comment_status":"closed","ping_status":"closed","template":"page_template_3.php","meta":{"_bbp_topic_count":0,"_bbp_reply_count":0,"_bbp_total_topic_count":0,"_bbp_total_reply_count":0,"_bbp_voice_count":0,"_bbp_anonymous_reply_count":0,"_bbp_topic_count_hidden":0,"_bbp_reply_count_hidden":0,"_bbp_forum_subforum_count":0,"tessera_post_format_link":"","footnotes":""},"class_list":["post-111","page","type-page","status-publish","hentry"],"_links":{"self":[{"href":"https:\/\/gestsociety.com\/en\/wp-json\/wp\/v2\/pages\/111","targetHints":{"allow":["GET"]}}],"collection":[{"href":"https:\/\/gestsociety.com\/en\/wp-json\/wp\/v2\/pages"}],"about":[{"href":"https:\/\/gestsociety.com\/en\/wp-json\/wp\/v2\/types\/page"}],"author":[{"embeddable":true,"href":"https:\/\/gestsociety.com\/en\/wp-json\/wp\/v2\/users\/1"}],"replies":[{"embeddable":true,"href":"https:\/\/gestsociety.com\/en\/wp-json\/wp\/v2\/comments?post=111"}],"version-history":[{"count":44,"href":"https:\/\/gestsociety.com\/en\/wp-json\/wp\/v2\/pages\/111\/revisions"}],"predecessor-version":[{"id":1479,"href":"https:\/\/gestsociety.com\/en\/wp-json\/wp\/v2\/pages\/111\/revisions\/1479"}],"wp:attachment":[{"href":"https:\/\/gestsociety.com\/en\/wp-json\/wp\/v2\/media?parent=111"}],"curies":[{"name":"wp","href":"https:\/\/api.w.org\/{rel}","templated":true}]}}